{"id":9,"date":"2024-04-20T15:26:55","date_gmt":"2024-04-20T13:26:55","guid":{"rendered":"https:\/\/charlinemaphotographe.com\/?page_id=9"},"modified":"2024-04-24T12:34:10","modified_gmt":"2024-04-24T10:34:10","slug":"accueil","status":"publish","type":"page","link":"https:\/\/charlinemaphotographe.com\/","title":{"rendered":"Accueil"},"content":{"rendered":"\n<p>Ce qui m&#8217;anime, m&#8217;\u00e9panouit \u00e0 travers la photo&#8230;<\/p>\n\n\n\n<p>J&#8217;aime capturer un instant de vie qui \u00e9voque des \u00e9motions profondes et des souvenirs durables.<\/p>\n\n\n\n<p>J&#8217;aime partager vos moments de bonheur en famille le temps d&#8217;un shooting, la magie de votre mariage avec tout ce qu&#8217;il y a autour, la joie d&#8217;attendre un heureux \u00e9v\u00e8nement, la naissance et pourquoi pas le bapt\u00eame.<\/p>\n\n\n\n<p><\/p>\n\n\n\n<div class=\"wp-block-cover alignwide\" style=\"min-height:593px;aspect-ratio:unset;\"><span aria-hidden=\"true\" class=\"wp-block-cover__background has-background-dim\"><\/span><img loading=\"lazy\" decoding=\"async\" width=\"1024\" height=\"683\" class=\"wp-block-cover__image-background wp-image-39\" alt=\"charlinemaphotographe-la-bague-au-doigt\" src=\"http:\/\/charlinemaphotographe.com\/wp-content\/uploads\/2024\/04\/Emilia-et-Jonathan-121-1024x683.jpg\" data-object-fit=\"cover\" srcset=\"https:\/\/charlinemaphotographe.com\/wp-content\/uploads\/2024\/04\/Emilia-et-Jonathan-121-1024x683.jpg 1024w, https:\/\/charlinemaphotographe.com\/wp-content\/uploads\/2024\/04\/Emilia-et-Jonathan-121-300x200.jpg 300w, https:\/\/charlinemaphotographe.com\/wp-content\/uploads\/2024\/04\/Emilia-et-Jonathan-121-768x512.jpg 768w, https:\/\/charlinemaphotographe.com\/wp-content\/uploads\/2024\/04\/Emilia-et-Jonathan-121-1536x1024.jpg 1536w, https:\/\/charlinemaphotographe.com\/wp-content\/uploads\/2024\/04\/Emilia-et-Jonathan-121-2048x1365.jpg 2048w\" sizes=\"auto, (max-width: 1024px) 100vw, 1024px\" \/><div class=\"wp-block-cover__inner-container is-layout-flow wp-block-cover-is-layout-flow\">\n<p class=\"has-text-align-center has-large-font-size\"><a href=\"https:\/\/charlinemaphotographe.com\/wp-admin\/post.php?post=57&amp;action=edit\"><em><strong>Mariage<\/strong><\/em><\/a><\/p>\n<\/div><\/div>\n","protected":false},"excerpt":{"rendered":"<p>Ce qui m&#8217;anime, m&#8217;\u00e9panouit \u00e0 travers la photo&#8230; J&#8217;aime capturer un instant de vie qui \u00e9voque des \u00e9motions profondes et [&hellip;]<\/p>\n","protected":false},"author":1,"featured_media":0,"parent":0,"menu_order":0,"comment_status":"closed","ping_status":"closed","template":"","meta":{"site-sidebar-layout":"default","site-content-layout":"","ast-site-content-layout":"","site-content-style":"default","site-sidebar-style":"default","ast-global-header-display":"","ast-banner-title-visibility":"","ast-main-header-display":"","ast-hfb-above-header-display":"","ast-hfb-below-header-display":"","ast-hfb-mobile-header-display":"","site-post-title":"","ast-breadcrumbs-content":"","ast-featured-img":"","footer-sml-layout":"","theme-transparent-header-meta":"","adv-header-id-meta":"","stick-header-meta":"","header-above-stick-meta":"","header-main-stick-meta":"","header-below-stick-meta":"","astra-migrate-meta-layouts":"default","ast-page-background-enabled":"default","ast-page-background-meta":{"desktop":{"background-color":"var(--ast-global-color-4)","background-image":"","background-repeat":"repeat","background-position":"center center","background-size":"auto","background-attachment":"scroll","background-type":"","background-media":"","overlay-type":"","overlay-color":"","overlay-gradient":""},"tablet":{"background-color":"","background-image":"","background-repeat":"repeat","background-position":"center center","background-size":"auto","background-attachment":"scroll","background-type":"","background-media":"","overlay-type":"","overlay-color":"","overlay-gradient":""},"mobile":{"background-color":"","background-image":"","background-repeat":"repeat","background-position":"center center","background-size":"auto","background-attachment":"scroll","background-type":"","background-media":"","overlay-type":"","overlay-color":"","overlay-gradient":""}},"ast-content-background-meta":{"desktop":{"background-color":"var(--ast-global-color-5)","background-image":"","background-repeat":"repeat","background-position":"center center","background-size":"auto","background-attachment":"scroll","background-type":"","background-media":"","overlay-type":"","overlay-color":"","overlay-gradient":""},"tablet":{"background-color":"var(--ast-global-color-5)","background-image":"","background-repeat":"repeat","background-position":"center center","background-size":"auto","background-attachment":"scroll","background-type":"","background-media":"","overlay-type":"","overlay-color":"","overlay-gradient":""},"mobile":{"background-color":"var(--ast-global-color-5)","background-image":"","background-repeat":"repeat","background-position":"center center","background-size":"auto","background-attachment":"scroll","background-type":"","background-media":"","overlay-type":"","overlay-color":"","overlay-gradient":""}},"footnotes":""},"class_list":["post-9","page","type-page","status-publish","hentry"],"_links":{"self":[{"href":"https:\/\/charlinemaphotographe.com\/index.php\/wp-json\/wp\/v2\/pages\/9","targetHints":{"allow":["GET"]}}],"collection":[{"href":"https:\/\/charlinemaphotographe.com\/index.php\/wp-json\/wp\/v2\/pages"}],"about":[{"href":"https:\/\/charlinemaphotographe.com\/index.php\/wp-json\/wp\/v2\/types\/page"}],"author":[{"embeddable":true,"href":"https:\/\/charlinemaphotographe.com\/index.php\/wp-json\/wp\/v2\/users\/1"}],"replies":[{"embeddable":true,"href":"https:\/\/charlinemaphotographe.com\/index.php\/wp-json\/wp\/v2\/comments?post=9"}],"version-history":[{"count":8,"href":"https:\/\/charlinemaphotographe.com\/index.php\/wp-json\/wp\/v2\/pages\/9\/revisions"}],"predecessor-version":[{"id":63,"href":"https:\/\/charlinemaphotographe.com\/index.php\/wp-json\/wp\/v2\/pages\/9\/revisions\/63"}],"wp:attachment":[{"href":"https:\/\/charlinemaphotographe.com\/index.php\/wp-json\/wp\/v2\/media?parent=9"}],"curies":[{"name":"wp","href":"https:\/\/api.w.org\/{rel}","templated":true}]}}